{"id":1513,"date":"2023-12-05T09:47:38","date_gmt":"2023-12-05T12:47:38","guid":{"rendered":"https:\/\/jumpverso.com.br\/?page_id=1513"},"modified":"2023-12-08T16:54:28","modified_gmt":"2023-12-08T19:54:28","slug":"contato","status":"publish","type":"page","link":"https:\/\/jumpverso.com.br\/en\/contato\/","title":{"rendered":"Contact"},"content":{"rendered":"<div data-elementor-type=\"wp-page\" data-elementor-id=\"1513\" class=\"elementor elementor-1513\" data-elementor-post-type=\"page\">\n\t\t\t\t\t\t<section class=\"elementor-section elementor-top-section elementor-element elementor-element-61f8e17 elementor-section-boxed elementor-section-height-default elementor-section-height-default\" data-id=\"61f8e17\" data-element_type=\"section\" data-e-type=\"section\" data-settings=\"{&quot;background_background&quot;:&quot;slideshow&quot;,&quot;background_slideshow_gallery&quot;:[{&quot;id&quot;:1263,&quot;url&quot;:&quot;https:\\\/\\\/jumpverso.com.br\\\/wp-content\\\/uploads\\\/2023\\\/11\\\/bg_empresa.jpg&quot;}],&quot;background_slideshow_slide_transition&quot;:&quot;slide_left&quot;,&quot;background_slideshow_loop&quot;:&quot;yes&quot;,&quot;background_slideshow_slide_duration&quot;:5000,&quot;background_slideshow_transition_duration&quot;:500}\">\n\t\t\t\t\t\t\t<div class=\"elementor-background-overlay\"><\/div>\n\t\t\t\t\t\t\t<div class=\"elementor-container elementor-column-gap-no\">\n\t\t\t\t\t<div class=\"elementor-column elementor-col-50 elementor-top-column elementor-element elementor-element-60582ad\" data-id=\"60582ad\" data-element_type=\"column\" data-e-type=\"column\">\n\t\t\t<div class=\"elementor-widget-wrap elementor-element-populated\">\n\t\t\t\t\t\t<div class=\"elementor-element elementor-element-c770b2f elementor-widget elementor-widget-heading\" data-id=\"c770b2f\" data-element_type=\"widget\" data-e-type=\"widget\" data-widget_type=\"heading.default\">\n\t\t\t\t<div class=\"elementor-widget-container\">\n\t\t\t\t\t<h2 class=\"elementor-heading-title elementor-size-default\">SEND A SIGN<\/h2>\t\t\t\t<\/div>\n\t\t\t\t<\/div>\n\t\t\t\t<div class=\"elementor-element elementor-element-94f32e7 elementor-widget elementor-widget-heading\" data-id=\"94f32e7\" data-element_type=\"widget\" data-e-type=\"widget\" data-widget_type=\"heading.default\">\n\t\t\t\t<div class=\"elementor-widget-container\">\n\t\t\t\t\t<h2 class=\"elementor-heading-title elementor-size-default\">contact us!<\/h2>\t\t\t\t<\/div>\n\t\t\t\t<\/div>\n\t\t\t\t\t<\/div>\n\t\t<\/div>\n\t\t\t\t<div class=\"elementor-column elementor-col-50 elementor-top-column elementor-element elementor-element-cb7f8f8\" data-id=\"cb7f8f8\" data-element_type=\"column\" data-e-type=\"column\">\n\t\t\t<div class=\"elementor-widget-wrap elementor-element-populated\">\n\t\t\t\t\t\t<section class=\"elementor-section elementor-inner-section elementor-element elementor-element-25d0165 elementor-section-boxed elementor-section-height-default elementor-section-height-default\" data-id=\"25d0165\" data-element_type=\"section\" data-e-type=\"section\">\n\t\t\t\t\t\t<div class=\"elementor-container elementor-column-gap-default\">\n\t\t\t\t\t<div class=\"elementor-column elementor-col-100 elementor-inner-column elementor-element elementor-element-91c0708\" data-id=\"91c0708\" data-element_type=\"column\" data-e-type=\"column\">\n\t\t\t<div class=\"elementor-widget-wrap elementor-element-populated\">\n\t\t\t\t\t\t<div class=\"elementor-element elementor-element-05e44be animated-slow elementor-invisible elementor-widget elementor-widget-image\" data-id=\"05e44be\" data-element_type=\"widget\" data-e-type=\"widget\" data-settings=\"{&quot;_animation&quot;:&quot;slideInRight&quot;}\" data-widget_type=\"image.default\">\n\t\t\t\t<div class=\"elementor-widget-container\">\n\t\t\t\t\t\t\t\t\t\t\t\t\t\t\t<img fetchpriority=\"high\" decoding=\"async\" width=\"768\" height=\"955\" src=\"https:\/\/jumpverso.com.br\/wp-content\/uploads\/2023\/11\/banner_servicos_predio.png\" class=\"attachment-medium_large size-medium_large wp-image-1270\" alt=\"\" \/>\t\t\t\t\t\t\t\t\t\t\t\t\t\t\t<\/div>\n\t\t\t\t<\/div>\n\t\t\t\t\t<\/div>\n\t\t<\/div>\n\t\t\t\t\t<\/div>\n\t\t<\/section>\n\t\t\t\t\t<\/div>\n\t\t<\/div>\n\t\t\t\t\t<\/div>\n\t\t<\/section>\n\t\t\t\t<section class=\"elementor-section elementor-top-section elementor-element elementor-element-69bd293 elementor-section-boxed elementor-section-height-default elementor-section-height-default\" data-id=\"69bd293\" data-element_type=\"section\" data-e-type=\"section\" data-settings=\"{&quot;background_background&quot;:&quot;gradient&quot;}\">\n\t\t\t\t\t\t<div class=\"elementor-container elementor-column-gap-default\">\n\t\t\t\t\t<div class=\"elementor-column elementor-col-50 elementor-top-column elementor-element elementor-element-8de3eaa\" data-id=\"8de3eaa\" data-element_type=\"column\" data-e-type=\"column\">\n\t\t\t<div class=\"elementor-widget-wrap elementor-element-populated\">\n\t\t\t\t\t\t<div class=\"elementor-element elementor-element-0525a41 elementor-widget elementor-widget-heading\" data-id=\"0525a41\" data-element_type=\"widget\" data-e-type=\"widget\" data-widget_type=\"heading.default\">\n\t\t\t\t<div class=\"elementor-widget-container\">\n\t\t\t\t\t<h2 class=\"elementor-heading-title elementor-size-default\">send us a message<\/h2>\t\t\t\t<\/div>\n\t\t\t\t<\/div>\n\t\t\t\t<div class=\"elementor-element elementor-element-9437962 elementor-widget elementor-widget-text-editor\" data-id=\"9437962\" data-element_type=\"widget\" data-e-type=\"widget\" data-widget_type=\"text-editor.default\">\n\t\t\t\t<div class=\"elementor-widget-container\">\n\t\t\t\t\t\t\t\t\t<p><span style=\"font-size: 19.2px;\">We have a reserved spot for you on our travel to new worlds.<br><\/span><span style=\"background-color: var( --e-global-color-03197ae );\"><br>Reach out to us right away and let's talk about your project!<\/span><\/p>\t\t\t\t\t\t\t\t<\/div>\n\t\t\t\t<\/div>\n\t\t\t\t<div class=\"elementor-element elementor-element-0ead9ca elementor-align-center elementor-mobile-align-center elementor-widget elementor-widget-button\" data-id=\"0ead9ca\" data-element_type=\"widget\" data-e-type=\"widget\" data-widget_type=\"button.default\">\n\t\t\t\t<div class=\"elementor-widget-container\">\n\t\t\t\t\t\t\t\t\t<div class=\"elementor-button-wrapper\">\n\t\t\t\t\t<a class=\"elementor-button elementor-button-link elementor-size-xl\" href=\"https:\/\/form.typeform.com\/to\/GUOZDcLW?utm_source=xxxxx&#038;utm_content=xxxxx\" target=\"_blank\">\n\t\t\t\t\t\t<span class=\"elementor-button-content-wrapper\">\n\t\t\t\t\t\t<span class=\"elementor-button-icon\">\n\t\t\t\t<i aria-hidden=\"true\" class=\"fab fa-whatsapp-square\"><\/i>\t\t\t<\/span>\n\t\t\t\t\t\t\t\t\t<span class=\"elementor-button-text\">contact us<\/span>\n\t\t\t\t\t<\/span>\n\t\t\t\t\t<\/a>\n\t\t\t\t<\/div>\n\t\t\t\t\t\t\t\t<\/div>\n\t\t\t\t<\/div>\n\t\t\t\t\t<\/div>\n\t\t<\/div>\n\t\t\t\t<div class=\"elementor-column elementor-col-50 elementor-top-column elementor-element elementor-element-af44822\" data-id=\"af44822\" data-element_type=\"column\" data-e-type=\"column\">\n\t\t\t<div class=\"elementor-widget-wrap elementor-element-populated\">\n\t\t\t\t\t\t<div class=\"elementor-element elementor-element-3bb74f7 elementor-widget elementor-widget-image\" data-id=\"3bb74f7\" data-element_type=\"widget\" data-e-type=\"widget\" data-widget_type=\"image.default\">\n\t\t\t\t<div class=\"elementor-widget-container\">\n\t\t\t\t\t\t\t\t\t\t\t\t\t\t\t<img decoding=\"async\" width=\"800\" height=\"702\" src=\"https:\/\/jumpverso.com.br\/wp-content\/uploads\/2023\/11\/sapos.png\" class=\"attachment-large size-large wp-image-372\" alt=\"\" \/>\t\t\t\t\t\t\t\t\t\t\t\t\t\t\t<\/div>\n\t\t\t\t<\/div>\n\t\t\t\t\t<\/div>\n\t\t<\/div>\n\t\t\t\t\t<\/div>\n\t\t<\/section>\n\t\t\t\t<section class=\"elementor-section elementor-top-section elementor-element elementor-element-a404170 elementor-section-boxed elementor-section-height-default elementor-section-height-default\" data-id=\"a404170\" data-element_type=\"section\" data-e-type=\"section\" data-settings=\"{&quot;background_background&quot;:&quot;classic&quot;}\">\n\t\t\t\t\t\t\t<div class=\"elementor-background-overlay\"><\/div>\n\t\t\t\t\t\t\t<div class=\"elementor-container elementor-column-gap-default\">\n\t\t\t\t\t<div class=\"elementor-column elementor-col-100 elementor-top-column elementor-element elementor-element-688aff9\" data-id=\"688aff9\" data-element_type=\"column\" data-e-type=\"column\">\n\t\t\t<div class=\"elementor-widget-wrap elementor-element-populated\">\n\t\t\t\t\t\t<div class=\"elementor-element elementor-element-4c94990 elementor-align-center elementor-mobile-align-center elementor-widget elementor-widget-button\" data-id=\"4c94990\" data-element_type=\"widget\" data-e-type=\"widget\" data-widget_type=\"button.default\">\n\t\t\t\t<div class=\"elementor-widget-container\">\n\t\t\t\t\t\t\t\t\t<div class=\"elementor-button-wrapper\">\n\t\t\t\t\t<a class=\"elementor-button elementor-button-link elementor-size-xl\" href=\"https:\/\/discord.com\/invite\/5TkNnPtMdV\">\n\t\t\t\t\t\t<span class=\"elementor-button-content-wrapper\">\n\t\t\t\t\t\t<span class=\"elementor-button-icon\">\n\t\t\t\t<i aria-hidden=\"true\" class=\"fab fa-discord\"><\/i>\t\t\t<\/span>\n\t\t\t\t\t\t\t\t\t<span class=\"elementor-button-text\">join the community<\/span>\n\t\t\t\t\t<\/span>\n\t\t\t\t\t<\/a>\n\t\t\t\t<\/div>\n\t\t\t\t\t\t\t\t<\/div>\n\t\t\t\t<\/div>\n\t\t\t\t\t<\/div>\n\t\t<\/div>\n\t\t\t\t\t<\/div>\n\t\t<\/section>\n\t\t\t\t<section class=\"elementor-section elementor-top-section elementor-element elementor-element-66010d7 elementor-section-full_width elementor-section-height-default elementor-section-height-default\" data-id=\"66010d7\" data-element_type=\"section\" data-e-type=\"section\" data-settings=\"{&quot;background_background&quot;:&quot;classic&quot;}\">\n\t\t\t\t\t\t<div class=\"elementor-container elementor-column-gap-default\">\n\t\t\t\t\t<div class=\"elementor-column elementor-col-100 elementor-top-column elementor-element elementor-element-128ee30\" data-id=\"128ee30\" data-element_type=\"column\" data-e-type=\"column\">\n\t\t\t<div class=\"elementor-widget-wrap elementor-element-populated\">\n\t\t\t\t\t\t<div class=\"elementor-element elementor-element-2b0b03b elementor-widget elementor-widget-google_maps\" data-id=\"2b0b03b\" data-element_type=\"widget\" data-e-type=\"widget\" data-widget_type=\"google_maps.default\">\n\t\t\t\t<div class=\"elementor-widget-container\">\n\t\t\t\t\t\t\t<div class=\"elementor-custom-embed\">\n\t\t\t<iframe loading=\"lazy\"\n\t\t\t\t\tsrc=\"https:\/\/maps.google.com\/maps?q=R.%20Mario%20de%20Boni%2C%202250%20-%20Sanvitto%2C%20Caxias%20do%20Sul%20-%20RS%2C%2095012-580&#038;t=m&#038;z=15&#038;output=embed&#038;iwloc=near\"\n\t\t\t\t\ttitle=\"R. Mario de Boni, 2250 - Sanvitto, Caxias do Sul - RS, 95012-580\"\n\t\t\t\t\taria-label=\"R. Mario de Boni, 2250 - Sanvitto, Caxias do Sul - RS, 95012-580\"\n\t\t\t><\/iframe>\n\t\t<\/div>\n\t\t\t\t\t\t<\/div>\n\t\t\t\t<\/div>\n\t\t\t\t\t<\/div>\n\t\t<\/div>\n\t\t\t\t\t<\/div>\n\t\t<\/section>\n\t\t\t\t<\/div>","protected":false},"excerpt":{"rendered":"<p>MANDE UM SINAL entre em contato envie sua mensagem Temos um lugar reservado pra voc\u00ea, rumo a novos mundos. Tire suas d\u00favidas, chame a gente agora mesmo! fale conosco Junta-se a fam\u00edlia<\/p>","protected":false},"author":2,"featured_media":0,"parent":0,"menu_order":0,"comment_status":"closed","ping_status":"closed","template":"elementor_header_footer","meta":{"footnotes":""},"class_list":["post-1513","page","type-page","status-publish","hentry"],"yoast_head":"<!-- This site is optimized with the Yoast SEO plugin v24.8.1 - https:\/\/yoast.com\/wordpress\/plugins\/seo\/ -->\n<title>Contato - JumpVerso<\/title>\n<meta name=\"robots\" content=\"index, follow, max-snippet:-1, max-image-preview:large, max-video-preview:-1\" \/>\n<link rel=\"canonical\" href=\"https:\/\/jumpverso.com.br\/en\/contato\/\" \/>\n<meta name=\"twitter:card\" content=\"summary_large_image\" \/>\n<meta name=\"twitter:title\" content=\"Contato - JumpVerso\" \/>\n<meta name=\"twitter:description\" content=\"MANDE UM SINAL entre em contato envie sua mensagem Temos um lugar reservado pra voc\u00ea, rumo a novos mundos. Tire suas d\u00favidas, chame a gente agora mesmo! fale conosco Junta-se a fam\u00edlia\" \/>\n<meta name=\"twitter:image\" content=\"https:\/\/jumpverso.com.br\/wp-content\/uploads\/2023\/11\/banner_servicos_predio.png\" \/>\n<script type=\"application\/ld+json\" class=\"yoast-schema-graph\">{\"@context\":\"https:\/\/schema.org\",\"@graph\":[{\"@type\":\"WebPage\",\"@id\":\"https:\/\/jumpverso.com.br\/contato\/\",\"url\":\"https:\/\/jumpverso.com.br\/contato\/\",\"name\":\"Contato - JumpVerso\",\"isPartOf\":{\"@id\":\"https:\/\/jumpverso.com.br\/#website\"},\"primaryImageOfPage\":{\"@id\":\"https:\/\/jumpverso.com.br\/contato\/#primaryimage\"},\"image\":{\"@id\":\"https:\/\/jumpverso.com.br\/contato\/#primaryimage\"},\"thumbnailUrl\":\"https:\/\/jumpverso.com.br\/wp-content\/uploads\/2023\/11\/banner_servicos_predio.png\",\"datePublished\":\"2023-12-05T12:47:38+00:00\",\"dateModified\":\"2023-12-08T19:54:28+00:00\",\"breadcrumb\":{\"@id\":\"https:\/\/jumpverso.com.br\/contato\/#breadcrumb\"},\"inLanguage\":\"en-US\",\"potentialAction\":[{\"@type\":\"ReadAction\",\"target\":[\"https:\/\/jumpverso.com.br\/contato\/\"]}]},{\"@type\":\"ImageObject\",\"inLanguage\":\"en-US\",\"@id\":\"https:\/\/jumpverso.com.br\/contato\/#primaryimage\",\"url\":\"https:\/\/jumpverso.com.br\/wp-content\/uploads\/2023\/11\/banner_servicos_predio.png\",\"contentUrl\":\"https:\/\/jumpverso.com.br\/wp-content\/uploads\/2023\/11\/banner_servicos_predio.png\"},{\"@type\":\"BreadcrumbList\",\"@id\":\"https:\/\/jumpverso.com.br\/contato\/#breadcrumb\",\"itemListElement\":[{\"@type\":\"ListItem\",\"position\":1,\"name\":\"In\u00edcio\",\"item\":\"https:\/\/jumpverso.com.br\/\"},{\"@type\":\"ListItem\",\"position\":2,\"name\":\"Contato\"}]},{\"@type\":\"WebSite\",\"@id\":\"https:\/\/jumpverso.com.br\/#website\",\"url\":\"https:\/\/jumpverso.com.br\/\",\"name\":\"JumpVerso\",\"description\":\"\",\"publisher\":{\"@id\":\"https:\/\/jumpverso.com.br\/#organization\"},\"potentialAction\":[{\"@type\":\"SearchAction\",\"target\":{\"@type\":\"EntryPoint\",\"urlTemplate\":\"https:\/\/jumpverso.com.br\/?s={search_term_string}\"},\"query-input\":{\"@type\":\"PropertyValueSpecification\",\"valueRequired\":true,\"valueName\":\"search_term_string\"}}],\"inLanguage\":\"en-US\"},{\"@type\":\"Organization\",\"@id\":\"https:\/\/jumpverso.com.br\/#organization\",\"name\":\"JumpVerso\",\"url\":\"https:\/\/jumpverso.com.br\/\",\"logo\":{\"@type\":\"ImageObject\",\"inLanguage\":\"en-US\",\"@id\":\"https:\/\/jumpverso.com.br\/#\/schema\/logo\/image\/\",\"url\":\"https:\/\/jumpverso.com.br\/wp-content\/uploads\/2021\/03\/jump_branco.png\",\"contentUrl\":\"https:\/\/jumpverso.com.br\/wp-content\/uploads\/2021\/03\/jump_branco.png\",\"width\":158,\"height\":37,\"caption\":\"JumpVerso\"},\"image\":{\"@id\":\"https:\/\/jumpverso.com.br\/#\/schema\/logo\/image\/\"},\"sameAs\":[\"https:\/\/www.facebook.com\/papytoys.com.br\",\"https:\/\/www.instagram.com\/papytoys\/\",\"https:\/\/www.youtube.com\/c\/UniversodeAlegria\"]}]}<\/script>\n<!-- \/ Yoast SEO plugin. -->","yoast_head_json":{"title":"Contato - JumpVerso","robots":{"index":"index","follow":"follow","max-snippet":"max-snippet:-1","max-image-preview":"max-image-preview:large","max-video-preview":"max-video-preview:-1"},"canonical":"https:\/\/jumpverso.com.br\/en\/contato\/","twitter_card":"summary_large_image","twitter_title":"Contato - JumpVerso","twitter_description":"MANDE UM SINAL entre em contato envie sua mensagem Temos um lugar reservado pra voc\u00ea, rumo a novos mundos. Tire suas d\u00favidas, chame a gente agora mesmo! fale conosco Junta-se a fam\u00edlia","twitter_image":"https:\/\/jumpverso.com.br\/wp-content\/uploads\/2023\/11\/banner_servicos_predio.png","schema":{"@context":"https:\/\/schema.org","@graph":[{"@type":"WebPage","@id":"https:\/\/jumpverso.com.br\/contato\/","url":"https:\/\/jumpverso.com.br\/contato\/","name":"Contato - JumpVerso","isPartOf":{"@id":"https:\/\/jumpverso.com.br\/#website"},"primaryImageOfPage":{"@id":"https:\/\/jumpverso.com.br\/contato\/#primaryimage"},"image":{"@id":"https:\/\/jumpverso.com.br\/contato\/#primaryimage"},"thumbnailUrl":"https:\/\/jumpverso.com.br\/wp-content\/uploads\/2023\/11\/banner_servicos_predio.png","datePublished":"2023-12-05T12:47:38+00:00","dateModified":"2023-12-08T19:54:28+00:00","breadcrumb":{"@id":"https:\/\/jumpverso.com.br\/contato\/#breadcrumb"},"inLanguage":"en-US","potentialAction":[{"@type":"ReadAction","target":["https:\/\/jumpverso.com.br\/contato\/"]}]},{"@type":"ImageObject","inLanguage":"en-US","@id":"https:\/\/jumpverso.com.br\/contato\/#primaryimage","url":"https:\/\/jumpverso.com.br\/wp-content\/uploads\/2023\/11\/banner_servicos_predio.png","contentUrl":"https:\/\/jumpverso.com.br\/wp-content\/uploads\/2023\/11\/banner_servicos_predio.png"},{"@type":"BreadcrumbList","@id":"https:\/\/jumpverso.com.br\/contato\/#breadcrumb","itemListElement":[{"@type":"ListItem","position":1,"name":"In\u00edcio","item":"https:\/\/jumpverso.com.br\/"},{"@type":"ListItem","position":2,"name":"Contato"}]},{"@type":"WebSite","@id":"https:\/\/jumpverso.com.br\/#website","url":"https:\/\/jumpverso.com.br\/","name":"JumpVerso","description":"","publisher":{"@id":"https:\/\/jumpverso.com.br\/#organization"},"potentialAction":[{"@type":"SearchAction","target":{"@type":"EntryPoint","urlTemplate":"https:\/\/jumpverso.com.br\/?s={search_term_string}"},"query-input":{"@type":"PropertyValueSpecification","valueRequired":true,"valueName":"search_term_string"}}],"inLanguage":"en-US"},{"@type":"Organization","@id":"https:\/\/jumpverso.com.br\/#organization","name":"JumpVerso","url":"https:\/\/jumpverso.com.br\/","logo":{"@type":"ImageObject","inLanguage":"en-US","@id":"https:\/\/jumpverso.com.br\/#\/schema\/logo\/image\/","url":"https:\/\/jumpverso.com.br\/wp-content\/uploads\/2021\/03\/jump_branco.png","contentUrl":"https:\/\/jumpverso.com.br\/wp-content\/uploads\/2021\/03\/jump_branco.png","width":158,"height":37,"caption":"JumpVerso"},"image":{"@id":"https:\/\/jumpverso.com.br\/#\/schema\/logo\/image\/"},"sameAs":["https:\/\/www.facebook.com\/papytoys.com.br","https:\/\/www.instagram.com\/papytoys\/","https:\/\/www.youtube.com\/c\/UniversodeAlegria"]}]}},"_links":{"self":[{"href":"https:\/\/jumpverso.com.br\/en\/wp-json\/wp\/v2\/pages\/1513","targetHints":{"allow":["GET"]}}],"collection":[{"href":"https:\/\/jumpverso.com.br\/en\/wp-json\/wp\/v2\/pages"}],"about":[{"href":"https:\/\/jumpverso.com.br\/en\/wp-json\/wp\/v2\/types\/page"}],"author":[{"embeddable":true,"href":"https:\/\/jumpverso.com.br\/en\/wp-json\/wp\/v2\/users\/2"}],"replies":[{"embeddable":true,"href":"https:\/\/jumpverso.com.br\/en\/wp-json\/wp\/v2\/comments?post=1513"}],"version-history":[{"count":55,"href":"https:\/\/jumpverso.com.br\/en\/wp-json\/wp\/v2\/pages\/1513\/revisions"}],"predecessor-version":[{"id":1946,"href":"https:\/\/jumpverso.com.br\/en\/wp-json\/wp\/v2\/pages\/1513\/revisions\/1946"}],"wp:attachment":[{"href":"https:\/\/jumpverso.com.br\/en\/wp-json\/wp\/v2\/media?parent=1513"}],"curies":[{"name":"wp","href":"https:\/\/api.w.org\/{rel}","templated":true}]}}