{"id":1698,"date":"2023-12-05T16:17:43","date_gmt":"2023-12-05T19:17:43","guid":{"rendered":"https:\/\/jumpverso.com.br\/?page_id=1698"},"modified":"2023-12-08T16:56:23","modified_gmt":"2023-12-08T19:56:23","slug":"glossario","status":"publish","type":"page","link":"https:\/\/jumpverso.com.br\/en\/glossario\/","title":{"rendered":"Gloss\u00e1rio"},"content":{"rendered":"<div data-elementor-type=\"wp-page\" data-elementor-id=\"1698\" class=\"elementor elementor-1698\" data-elementor-post-type=\"page\">\n\t\t\t\t\t\t<section class=\"elementor-section elementor-top-section elementor-element elementor-element-61f8e17 elementor-section-boxed elementor-section-height-default elementor-section-height-default\" data-id=\"61f8e17\" data-element_type=\"section\" data-e-type=\"section\" data-settings=\"{&quot;background_background&quot;:&quot;slideshow&quot;,&quot;background_slideshow_gallery&quot;:[{&quot;id&quot;:1263,&quot;url&quot;:&quot;https:\\\/\\\/jumpverso.com.br\\\/wp-content\\\/uploads\\\/2023\\\/11\\\/bg_empresa.jpg&quot;}],&quot;background_slideshow_slide_transition&quot;:&quot;slide_left&quot;,&quot;background_slideshow_loop&quot;:&quot;yes&quot;,&quot;background_slideshow_slide_duration&quot;:5000,&quot;background_slideshow_transition_duration&quot;:500}\">\n\t\t\t\t\t\t\t<div class=\"elementor-background-overlay\"><\/div>\n\t\t\t\t\t\t\t<div class=\"elementor-container elementor-column-gap-no\">\n\t\t\t\t\t<div class=\"elementor-column elementor-col-50 elementor-top-column elementor-element elementor-element-60582ad\" data-id=\"60582ad\" data-element_type=\"column\" data-e-type=\"column\">\n\t\t\t<div class=\"elementor-widget-wrap elementor-element-populated\">\n\t\t\t\t\t\t<div class=\"elementor-element elementor-element-c770b2f elementor-widget elementor-widget-heading\" data-id=\"c770b2f\" data-element_type=\"widget\" data-e-type=\"widget\" data-widget_type=\"heading.default\">\n\t\t\t\t<div class=\"elementor-widget-container\">\n\t\t\t\t\t<h2 class=\"elementor-heading-title elementor-size-default\">NFTs, BLOCKCHAIN<\/h2>\t\t\t\t<\/div>\n\t\t\t\t<\/div>\n\t\t\t\t<div class=\"elementor-element elementor-element-94f32e7 elementor-widget elementor-widget-heading\" data-id=\"94f32e7\" data-element_type=\"widget\" data-e-type=\"widget\" data-widget_type=\"heading.default\">\n\t\t\t\t<div class=\"elementor-widget-container\">\n\t\t\t\t\t<h2 class=\"elementor-heading-title elementor-size-default\">o que s\u00e3o?<\/h2>\t\t\t\t<\/div>\n\t\t\t\t<\/div>\n\t\t\t\t<div class=\"elementor-element elementor-element-5597ec6 elementor-widget elementor-widget-text-editor\" data-id=\"5597ec6\" data-element_type=\"widget\" data-e-type=\"widget\" data-widget_type=\"text-editor.default\">\n\t\t\t\t<div class=\"elementor-widget-container\">\n\t\t\t\t\t\t\t\t\t<p><span style=\"font-size: 19.2px;\">Assista o v\u00eddeo<\/span><\/p>\t\t\t\t\t\t\t\t<\/div>\n\t\t\t\t<\/div>\n\t\t\t\t\t<\/div>\n\t\t<\/div>\n\t\t\t\t<div class=\"elementor-column elementor-col-50 elementor-top-column elementor-element elementor-element-cb7f8f8\" data-id=\"cb7f8f8\" data-element_type=\"column\" data-e-type=\"column\">\n\t\t\t<div class=\"elementor-widget-wrap elementor-element-populated\">\n\t\t\t\t\t\t<div class=\"elementor-element elementor-element-01253f4 elementor-widget elementor-widget-video\" data-id=\"01253f4\" data-element_type=\"widget\" data-e-type=\"widget\" data-settings=\"{&quot;youtube_url&quot;:&quot;https:\\\/\\\/www.youtube.com\\\/watch?v=TQQhqPwDmD8&quot;,&quot;video_type&quot;:&quot;youtube&quot;,&quot;controls&quot;:&quot;yes&quot;}\" data-widget_type=\"video.default\">\n\t\t\t\t<div class=\"elementor-widget-container\">\n\t\t\t\t\t\t\t<div class=\"elementor-wrapper elementor-open-inline\">\n\t\t\t<div class=\"elementor-video\"><\/div>\t\t<\/div>\n\t\t\t\t\t\t<\/div>\n\t\t\t\t<\/div>\n\t\t\t\t\t<\/div>\n\t\t<\/div>\n\t\t\t\t\t<\/div>\n\t\t<\/section>\n\t\t\t\t<section class=\"elementor-section elementor-top-section elementor-element elementor-element-69bd293 elementor-section-boxed elementor-section-height-default elementor-section-height-default\" data-id=\"69bd293\" data-element_type=\"section\" data-e-type=\"section\" data-settings=\"{&quot;background_background&quot;:&quot;gradient&quot;}\">\n\t\t\t\t\t\t<div class=\"elementor-container elementor-column-gap-default\">\n\t\t\t\t\t<div class=\"elementor-column elementor-col-100 elementor-top-column elementor-element elementor-element-8de3eaa\" data-id=\"8de3eaa\" data-element_type=\"column\" data-e-type=\"column\">\n\t\t\t<div class=\"elementor-widget-wrap elementor-element-populated\">\n\t\t\t\t\t\t<div class=\"elementor-element elementor-element-9437962 elementor-widget elementor-widget-text-editor\" data-id=\"9437962\" data-element_type=\"widget\" data-e-type=\"widget\" data-widget_type=\"text-editor.default\">\n\t\t\t\t<div class=\"elementor-widget-container\">\n\t\t\t\t\t\t\t\t\t<p class=\"translation-block\"><b><i>\u2013 Blockchain<br><\/i><\/b><span style=\"font-weight: 400\">It is a secure business network in which participants transfer items of value (assets) , through a common distributed ledger, of which each participant has a copy, and whose content is in constant synchronization with the others.<\/span><\/p><p class=\"translation-block\"><b><i>\u2013 Cryptocurrency<br><\/i><\/b><span style=\"font-weight: 400\">Refers to any form of currency that exists digitally or virtually and uses cryptography to secure carrying out transactions.<\/span><\/p><p><b><i>&#8211; Ethereum (ETH)<br \/><\/i><\/b><span style=\"font-weight: 400;\">\u00c9 uma plataforma blockchain para cria\u00e7\u00e3o de aplicativos descentralizados e transfer\u00eancia de ativos digitais; a ether \u00e9 a sua criptomoeda.<\/span><\/p><p class=\"translation-block\"><b><i>\u2013 Metaverse<br><\/i><\/b><span style=\"font-weight: 400\">A network of virtual worlds, which attempts to replicate reality, with a focus on social connection. <\/span><\/p><p class=\"translation-block\"><b><i>\u2013 Tokens<br><\/i><\/b><span style=\"font-weight: 400\">Web 3.0 tokens are not a clearly defined category. Any project working on building decentralized storage or supporting infrastructure can be considered a Web 3.0 token.<\/span><\/p><p class=\"translation-block\"><b><i>\u2013 NFT<br><\/i><\/b><span style=\"font-weight: 400\">It is the acronym for non-fungible token, that is, it deals of an asset created using blockchain technology that serves as the digital identity of an item, which becomes unique and exclusive.<\/span><\/p><p class=\"translation-block\"><b><i>\u2013 LAND<br><\/i><\/b><span style=\"font-weight: 400\">LAND is a 1\u00d71 digital land in the Sandbox metaverse. Game designers use LAND to build digital experiences, like games or events.<\/span><\/p><p style=\"line-height: normal; margin: 0pt 0in; text-indent: 0in; direction: ltr; unicode-bidi: embed;\">\u00a0<\/p><p class=\"translation-block\"><b><i>\u2013 ESTATE<br><\/i><\/b><span style=\"font-weight: 400\">An ESTATE is a group of several 1\u00d71 LANDs that have been merged into one larger land .<\/span><\/p><p class=\"translation-block\"><b><i>\u2013 SAND<br><\/i><\/b><span style=\"font-weight: 400\">SAND is the utility token used throughout the Sandbox ecosystem as the basis for transactions and interactions, serving as in-game currency.<\/span><\/p><p class=\"translation-block\"><b><i>\u2013 Digital assets\/cryptoassets<br><\/i><\/b><span style=\"font-weight: 400\">Similar to assets, being a generalist denomination that is linked to the Web3 ecosystem and denotes items with monetary value.<\/span><\/p><p class=\"translation-block\"><b><i>\u2013 Web3<br><\/i><\/b><span style=\"font-weight: 400\">The next generation of the internet being introduced leveraging blockchain technology, open source applications and the decentralization of data and information. Web3 aims to remove control of the web from monopolistic technology companies and return ownership of data and content to its users.<\/span><\/p><p style=\"line-height: normal; margin: 0pt 0in; text-indent: 0in; direction: ltr; unicode-bidi: embed;\">\u00a0<\/p><p class=\"translation-block\"><b><i>\u2013 Hub<br><\/i><\/b><span style=\"font-weight: 400\">When a user enters the game they will be in a hub that provides a central point to jump in different directions. From there, the player can choose which map to visit and which experiences to play.<\/span><\/p><p class=\"translation-block\"><b><i>\u2013 Freemium<br><\/i><\/b><span style=\"font-weight: 400\">A marketing tactic where a company offers free and paid versions of its product, which can mean also gifts that must be recovered upon consumption, such as coupons, discount codes, trial versions, etc\u2026<\/span><span style=\"font-weight: 400\"><br><br><\/span><\/p><p class=\"translation-block\"><b><i>\u2013 Play-to-earn (P2E) game<br><\/i><\/b><span style=\"font-weight: 400\">Play-to-earn games are considered a important part of the metaverse and reward players with cryptocurrencies or NFTs. Typically, the gaming platform is built on blockchain and offers players the chance to earn in-game tokens that can be sold or exchanged for money in the real world. Some games require you to pay, while others are free.<\/span><\/p><p style=\"line-height: normal; margin: 0pt 0in; text-indent: 0in; direction: ltr; unicode-bidi: embed;\"><br \/><br \/><\/p>\t\t\t\t\t\t\t\t<\/div>\n\t\t\t\t<\/div>\n\t\t\t\t\t<\/div>\n\t\t<\/div>\n\t\t\t\t\t<\/div>\n\t\t<\/section>\n\t\t\t\t<section class=\"elementor-section elementor-top-section elementor-element elementor-element-d3e74c4 elementor-section-boxed elementor-section-height-default elementor-section-height-default\" data-id=\"d3e74c4\" data-element_type=\"section\" data-e-type=\"section\" data-settings=\"{&quot;background_background&quot;:&quot;gradient&quot;}\">\n\t\t\t\t\t\t<div class=\"elementor-container elementor-column-gap-default\">\n\t\t\t\t\t<div class=\"elementor-column elementor-col-50 elementor-top-column elementor-element elementor-element-201ed73\" data-id=\"201ed73\" data-element_type=\"column\" data-e-type=\"column\">\n\t\t\t<div class=\"elementor-widget-wrap elementor-element-populated\">\n\t\t\t\t\t\t<div class=\"elementor-element elementor-element-d3ce744 elementor-widget elementor-widget-heading\" data-id=\"d3ce744\" data-element_type=\"widget\" data-e-type=\"widget\" data-widget_type=\"heading.default\">\n\t\t\t\t<div class=\"elementor-widget-container\">\n\t\t\t\t\t<h2 class=\"elementor-heading-title elementor-size-default\">LANDS e\nESTATES<\/h2>\t\t\t\t<\/div>\n\t\t\t\t<\/div>\n\t\t\t\t<div class=\"elementor-element elementor-element-2731ff3 elementor-widget elementor-widget-text-editor\" data-id=\"2731ff3\" data-element_type=\"widget\" data-e-type=\"widget\" data-widget_type=\"text-editor.default\">\n\t\t\t\t<div class=\"elementor-widget-container\">\n\t\t\t\t\t\t\t\t\t<p>An ESTATE is a group of 1\u00d71 LANDs that have been joined together into a larger lot<\/p><p>On The Sandbox map, each LAND has the equivalent of 1 hectare<\/p><p>Everything built on land can be rebuilt and changed as often as desired.<\/p><p>ESTATES Large (12\u00d712) and Extra Large (24\u00d724) are not for sale on the main market<\/p>\t\t\t\t\t\t\t\t<\/div>\n\t\t\t\t<\/div>\n\t\t\t\t\t<\/div>\n\t\t<\/div>\n\t\t\t\t<div class=\"elementor-column elementor-col-50 elementor-top-column elementor-element elementor-element-9263edf\" data-id=\"9263edf\" data-element_type=\"column\" data-e-type=\"column\">\n\t\t\t<div class=\"elementor-widget-wrap elementor-element-populated\">\n\t\t\t\t\t\t<div class=\"elementor-element elementor-element-3e80e7c elementor-widget elementor-widget-image\" data-id=\"3e80e7c\" data-element_type=\"widget\" data-e-type=\"widget\" data-widget_type=\"image.default\">\n\t\t\t\t<div class=\"elementor-widget-container\">\n\t\t\t\t\t\t\t\t\t\t\t\t\t\t\t<img fetchpriority=\"high\" decoding=\"async\" width=\"800\" height=\"623\" src=\"https:\/\/jumpverso.com.br\/wp-content\/uploads\/2023\/12\/lands.jpg\" class=\"attachment-large size-large wp-image-1716\" alt=\"\" srcset=\"https:\/\/jumpverso.com.br\/wp-content\/uploads\/2023\/12\/lands.jpg 968w, https:\/\/jumpverso.com.br\/wp-content\/uploads\/2023\/12\/lands-300x234.jpg 300w, https:\/\/jumpverso.com.br\/wp-content\/uploads\/2023\/12\/lands-768x598.jpg 768w\" sizes=\"(max-width: 800px) 100vw, 800px\" \/>\t\t\t\t\t\t\t\t\t\t\t\t\t\t\t<\/div>\n\t\t\t\t<\/div>\n\t\t\t\t\t<\/div>\n\t\t<\/div>\n\t\t\t\t\t<\/div>\n\t\t<\/section>\n\t\t\t\t<section class=\"elementor-section elementor-top-section elementor-element elementor-element-a404170 elementor-section-boxed elementor-section-height-default elementor-section-height-default\" data-id=\"a404170\" data-element_type=\"section\" data-e-type=\"section\" data-settings=\"{&quot;background_background&quot;:&quot;classic&quot;}\">\n\t\t\t\t\t\t\t<div class=\"elementor-background-overlay\"><\/div>\n\t\t\t\t\t\t\t<div class=\"elementor-container elementor-column-gap-default\">\n\t\t\t\t\t<div class=\"elementor-column elementor-col-100 elementor-top-column elementor-element elementor-element-688aff9\" data-id=\"688aff9\" data-element_type=\"column\" data-e-type=\"column\">\n\t\t\t<div class=\"elementor-widget-wrap elementor-element-populated\">\n\t\t\t\t\t\t<div class=\"elementor-element elementor-element-4c94990 elementor-align-center elementor-mobile-align-center elementor-widget elementor-widget-button\" data-id=\"4c94990\" data-element_type=\"widget\" data-e-type=\"widget\" data-widget_type=\"button.default\">\n\t\t\t\t<div class=\"elementor-widget-container\">\n\t\t\t\t\t\t\t\t\t<div class=\"elementor-button-wrapper\">\n\t\t\t\t\t<a class=\"elementor-button elementor-button-link elementor-size-xl\" href=\"#\">\n\t\t\t\t\t\t<span class=\"elementor-button-content-wrapper\">\n\t\t\t\t\t\t<span class=\"elementor-button-icon\">\n\t\t\t\t<i aria-hidden=\"true\" class=\"fab fa-discord\"><\/i>\t\t\t<\/span>\n\t\t\t\t\t\t\t\t\t<span class=\"elementor-button-text\">junte-se \u00e0 comunidade<\/span>\n\t\t\t\t\t<\/span>\n\t\t\t\t\t<\/a>\n\t\t\t\t<\/div>\n\t\t\t\t\t\t\t\t<\/div>\n\t\t\t\t<\/div>\n\t\t\t\t\t<\/div>\n\t\t<\/div>\n\t\t\t\t\t<\/div>\n\t\t<\/section>\n\t\t\t\t<\/div>","protected":false},"excerpt":{"rendered":"<p>NFTs, BLOCKCHAIN o que s\u00e3o? Assista o v\u00eddeo https:\/\/www.youtube.com\/watch?v=TQQhqPwDmD8 &#8211; Blockchain\u00c9 uma rede de neg\u00f3cios segura, na qual os participantes transferem itens de valor (ativos), por meio de um ledger (livro-raz\u00e3o) comum distribu\u00eddo, do qual cada participante possui uma c\u00f3pia, e cujo seu conte\u00fado est\u00e1 em constante sincronia com os outros. &#8211; CriptomoedaRefere-se a qualquer [&hellip;]<\/p>","protected":false},"author":2,"featured_media":0,"parent":0,"menu_order":0,"comment_status":"closed","ping_status":"closed","template":"elementor_header_footer","meta":{"footnotes":""},"class_list":["post-1698","page","type-page","status-publish","hentry"],"yoast_head":"<!-- This site is optimized with the Yoast SEO plugin v24.8.1 - https:\/\/yoast.com\/wordpress\/plugins\/seo\/ -->\n<title>Gloss\u00e1rio - JumpVerso<\/title>\n<meta name=\"robots\" content=\"index, follow, max-snippet:-1, max-image-preview:large, max-video-preview:-1\" \/>\n<link rel=\"canonical\" href=\"https:\/\/jumpverso.com.br\/en\/glossario\/\" \/>\n<meta name=\"twitter:card\" content=\"summary_large_image\" \/>\n<meta name=\"twitter:title\" content=\"Gloss\u00e1rio - JumpVerso\" \/>\n<meta name=\"twitter:description\" content=\"NFTs, BLOCKCHAIN o que s\u00e3o? Assista o v\u00eddeo https:\/\/www.youtube.com\/watch?v=TQQhqPwDmD8 &#8211; Blockchain\u00c9 uma rede de neg\u00f3cios segura, na qual os participantes transferem itens de valor (ativos), por meio de um ledger (livro-raz\u00e3o) comum distribu\u00eddo, do qual cada participante possui uma c\u00f3pia, e cujo seu conte\u00fado est\u00e1 em constante sincronia com os outros. &#8211; CriptomoedaRefere-se a qualquer [&hellip;]\" \/>\n<meta name=\"twitter:image\" content=\"https:\/\/jumpverso.com.br\/wp-content\/uploads\/2023\/12\/lands.jpg\" \/>\n<meta name=\"twitter:label1\" content=\"Est. reading time\" \/>\n\t<meta name=\"twitter:data1\" content=\"3 minutes\" \/>\n<script type=\"application\/ld+json\" class=\"yoast-schema-graph\">{\"@context\":\"https:\/\/schema.org\",\"@graph\":[{\"@type\":\"WebPage\",\"@id\":\"https:\/\/jumpverso.com.br\/glossario\/\",\"url\":\"https:\/\/jumpverso.com.br\/glossario\/\",\"name\":\"Gloss\u00e1rio - JumpVerso\",\"isPartOf\":{\"@id\":\"https:\/\/jumpverso.com.br\/#website\"},\"primaryImageOfPage\":{\"@id\":\"https:\/\/jumpverso.com.br\/glossario\/#primaryimage\"},\"image\":{\"@id\":\"https:\/\/jumpverso.com.br\/glossario\/#primaryimage\"},\"thumbnailUrl\":\"https:\/\/jumpverso.com.br\/wp-content\/uploads\/2023\/12\/lands.jpg\",\"datePublished\":\"2023-12-05T19:17:43+00:00\",\"dateModified\":\"2023-12-08T19:56:23+00:00\",\"breadcrumb\":{\"@id\":\"https:\/\/jumpverso.com.br\/glossario\/#breadcrumb\"},\"inLanguage\":\"en-US\",\"potentialAction\":[{\"@type\":\"ReadAction\",\"target\":[\"https:\/\/jumpverso.com.br\/glossario\/\"]}]},{\"@type\":\"ImageObject\",\"inLanguage\":\"en-US\",\"@id\":\"https:\/\/jumpverso.com.br\/glossario\/#primaryimage\",\"url\":\"https:\/\/jumpverso.com.br\/wp-content\/uploads\/2023\/12\/lands.jpg\",\"contentUrl\":\"https:\/\/jumpverso.com.br\/wp-content\/uploads\/2023\/12\/lands.jpg\"},{\"@type\":\"BreadcrumbList\",\"@id\":\"https:\/\/jumpverso.com.br\/glossario\/#breadcrumb\",\"itemListElement\":[{\"@type\":\"ListItem\",\"position\":1,\"name\":\"In\u00edcio\",\"item\":\"https:\/\/jumpverso.com.br\/\"},{\"@type\":\"ListItem\",\"position\":2,\"name\":\"Gloss\u00e1rio\"}]},{\"@type\":\"WebSite\",\"@id\":\"https:\/\/jumpverso.com.br\/#website\",\"url\":\"https:\/\/jumpverso.com.br\/\",\"name\":\"JumpVerso\",\"description\":\"\",\"publisher\":{\"@id\":\"https:\/\/jumpverso.com.br\/#organization\"},\"potentialAction\":[{\"@type\":\"SearchAction\",\"target\":{\"@type\":\"EntryPoint\",\"urlTemplate\":\"https:\/\/jumpverso.com.br\/?s={search_term_string}\"},\"query-input\":{\"@type\":\"PropertyValueSpecification\",\"valueRequired\":true,\"valueName\":\"search_term_string\"}}],\"inLanguage\":\"en-US\"},{\"@type\":\"Organization\",\"@id\":\"https:\/\/jumpverso.com.br\/#organization\",\"name\":\"JumpVerso\",\"url\":\"https:\/\/jumpverso.com.br\/\",\"logo\":{\"@type\":\"ImageObject\",\"inLanguage\":\"en-US\",\"@id\":\"https:\/\/jumpverso.com.br\/#\/schema\/logo\/image\/\",\"url\":\"https:\/\/jumpverso.com.br\/wp-content\/uploads\/2021\/03\/jump_branco.png\",\"contentUrl\":\"https:\/\/jumpverso.com.br\/wp-content\/uploads\/2021\/03\/jump_branco.png\",\"width\":158,\"height\":37,\"caption\":\"JumpVerso\"},\"image\":{\"@id\":\"https:\/\/jumpverso.com.br\/#\/schema\/logo\/image\/\"},\"sameAs\":[\"https:\/\/www.facebook.com\/papytoys.com.br\",\"https:\/\/www.instagram.com\/papytoys\/\",\"https:\/\/www.youtube.com\/c\/UniversodeAlegria\"]}]}<\/script>\n<!-- \/ Yoast SEO plugin. -->","yoast_head_json":{"title":"Gloss\u00e1rio - JumpVerso","robots":{"index":"index","follow":"follow","max-snippet":"max-snippet:-1","max-image-preview":"max-image-preview:large","max-video-preview":"max-video-preview:-1"},"canonical":"https:\/\/jumpverso.com.br\/en\/glossario\/","twitter_card":"summary_large_image","twitter_title":"Gloss\u00e1rio - JumpVerso","twitter_description":"NFTs, BLOCKCHAIN o que s\u00e3o? Assista o v\u00eddeo https:\/\/www.youtube.com\/watch?v=TQQhqPwDmD8 &#8211; Blockchain\u00c9 uma rede de neg\u00f3cios segura, na qual os participantes transferem itens de valor (ativos), por meio de um ledger (livro-raz\u00e3o) comum distribu\u00eddo, do qual cada participante possui uma c\u00f3pia, e cujo seu conte\u00fado est\u00e1 em constante sincronia com os outros. &#8211; CriptomoedaRefere-se a qualquer [&hellip;]","twitter_image":"https:\/\/jumpverso.com.br\/wp-content\/uploads\/2023\/12\/lands.jpg","twitter_misc":{"Est. reading time":"3 minutes"},"schema":{"@context":"https:\/\/schema.org","@graph":[{"@type":"WebPage","@id":"https:\/\/jumpverso.com.br\/glossario\/","url":"https:\/\/jumpverso.com.br\/glossario\/","name":"Gloss\u00e1rio - JumpVerso","isPartOf":{"@id":"https:\/\/jumpverso.com.br\/#website"},"primaryImageOfPage":{"@id":"https:\/\/jumpverso.com.br\/glossario\/#primaryimage"},"image":{"@id":"https:\/\/jumpverso.com.br\/glossario\/#primaryimage"},"thumbnailUrl":"https:\/\/jumpverso.com.br\/wp-content\/uploads\/2023\/12\/lands.jpg","datePublished":"2023-12-05T19:17:43+00:00","dateModified":"2023-12-08T19:56:23+00:00","breadcrumb":{"@id":"https:\/\/jumpverso.com.br\/glossario\/#breadcrumb"},"inLanguage":"en-US","potentialAction":[{"@type":"ReadAction","target":["https:\/\/jumpverso.com.br\/glossario\/"]}]},{"@type":"ImageObject","inLanguage":"en-US","@id":"https:\/\/jumpverso.com.br\/glossario\/#primaryimage","url":"https:\/\/jumpverso.com.br\/wp-content\/uploads\/2023\/12\/lands.jpg","contentUrl":"https:\/\/jumpverso.com.br\/wp-content\/uploads\/2023\/12\/lands.jpg"},{"@type":"BreadcrumbList","@id":"https:\/\/jumpverso.com.br\/glossario\/#breadcrumb","itemListElement":[{"@type":"ListItem","position":1,"name":"In\u00edcio","item":"https:\/\/jumpverso.com.br\/"},{"@type":"ListItem","position":2,"name":"Gloss\u00e1rio"}]},{"@type":"WebSite","@id":"https:\/\/jumpverso.com.br\/#website","url":"https:\/\/jumpverso.com.br\/","name":"JumpVerso","description":"","publisher":{"@id":"https:\/\/jumpverso.com.br\/#organization"},"potentialAction":[{"@type":"SearchAction","target":{"@type":"EntryPoint","urlTemplate":"https:\/\/jumpverso.com.br\/?s={search_term_string}"},"query-input":{"@type":"PropertyValueSpecification","valueRequired":true,"valueName":"search_term_string"}}],"inLanguage":"en-US"},{"@type":"Organization","@id":"https:\/\/jumpverso.com.br\/#organization","name":"JumpVerso","url":"https:\/\/jumpverso.com.br\/","logo":{"@type":"ImageObject","inLanguage":"en-US","@id":"https:\/\/jumpverso.com.br\/#\/schema\/logo\/image\/","url":"https:\/\/jumpverso.com.br\/wp-content\/uploads\/2021\/03\/jump_branco.png","contentUrl":"https:\/\/jumpverso.com.br\/wp-content\/uploads\/2021\/03\/jump_branco.png","width":158,"height":37,"caption":"JumpVerso"},"image":{"@id":"https:\/\/jumpverso.com.br\/#\/schema\/logo\/image\/"},"sameAs":["https:\/\/www.facebook.com\/papytoys.com.br","https:\/\/www.instagram.com\/papytoys\/","https:\/\/www.youtube.com\/c\/UniversodeAlegria"]}]}},"_links":{"self":[{"href":"https:\/\/jumpverso.com.br\/en\/wp-json\/wp\/v2\/pages\/1698","targetHints":{"allow":["GET"]}}],"collection":[{"href":"https:\/\/jumpverso.com.br\/en\/wp-json\/wp\/v2\/pages"}],"about":[{"href":"https:\/\/jumpverso.com.br\/en\/wp-json\/wp\/v2\/types\/page"}],"author":[{"embeddable":true,"href":"https:\/\/jumpverso.com.br\/en\/wp-json\/wp\/v2\/users\/2"}],"replies":[{"embeddable":true,"href":"https:\/\/jumpverso.com.br\/en\/wp-json\/wp\/v2\/comments?post=1698"}],"version-history":[{"count":34,"href":"https:\/\/jumpverso.com.br\/en\/wp-json\/wp\/v2\/pages\/1698\/revisions"}],"predecessor-version":[{"id":1949,"href":"https:\/\/jumpverso.com.br\/en\/wp-json\/wp\/v2\/pages\/1698\/revisions\/1949"}],"wp:attachment":[{"href":"https:\/\/jumpverso.com.br\/en\/wp-json\/wp\/v2\/media?parent=1698"}],"curies":[{"name":"wp","href":"https:\/\/api.w.org\/{rel}","templated":true}]}}