{"id":1723,"date":"2023-12-05T16:51:15","date_gmt":"2023-12-05T19:51:15","guid":{"rendered":"https:\/\/jumpverso.com.br\/?page_id=1723"},"modified":"2023-12-05T17:46:53","modified_gmt":"2023-12-05T20:46:53","slug":"politica","status":"publish","type":"page","link":"https:\/\/jumpverso.com.br\/en\/politica\/","title":{"rendered":"Politica Privacidade"},"content":{"rendered":"<div data-elementor-type=\"wp-page\" data-elementor-id=\"1723\" class=\"elementor elementor-1723\" data-elementor-post-type=\"page\">\n\t\t\t\t\t\t<section class=\"elementor-section elementor-top-section elementor-element elementor-element-61f8e17 elementor-section-boxed elementor-section-height-default elementor-section-height-default\" data-id=\"61f8e17\" data-element_type=\"section\" data-e-type=\"section\" data-settings=\"{&quot;background_background&quot;:&quot;classic&quot;}\">\n\t\t\t\t\t\t\t<div class=\"elementor-background-overlay\"><\/div>\n\t\t\t\t\t\t\t<div class=\"elementor-container elementor-column-gap-no\">\n\t\t\t\t\t<div class=\"elementor-column elementor-col-100 elementor-top-column elementor-element elementor-element-60582ad\" data-id=\"60582ad\" data-element_type=\"column\" data-e-type=\"column\">\n\t\t\t<div class=\"elementor-widget-wrap elementor-element-populated\">\n\t\t\t\t\t\t<div class=\"elementor-element elementor-element-c770b2f elementor-widget elementor-widget-heading\" data-id=\"c770b2f\" data-element_type=\"widget\" data-e-type=\"widget\" data-widget_type=\"heading.default\">\n\t\t\t\t<div class=\"elementor-widget-container\">\n\t\t\t\t\t<h2 class=\"elementor-heading-title elementor-size-default\">PRIVACY POLICY<\/h2>\t\t\t\t<\/div>\n\t\t\t\t<\/div>\n\t\t\t\t\t<\/div>\n\t\t<\/div>\n\t\t\t\t\t<\/div>\n\t\t<\/section>\n\t\t\t\t<section class=\"elementor-section elementor-top-section elementor-element elementor-element-69bd293 elementor-section-boxed elementor-section-height-default elementor-section-height-default\" data-id=\"69bd293\" data-element_type=\"section\" data-e-type=\"section\" data-settings=\"{&quot;background_background&quot;:&quot;gradient&quot;}\">\n\t\t\t\t\t\t<div class=\"elementor-container elementor-column-gap-default\">\n\t\t\t\t\t<div class=\"elementor-column elementor-col-100 elementor-top-column elementor-element elementor-element-8de3eaa\" data-id=\"8de3eaa\" data-element_type=\"column\" data-e-type=\"column\">\n\t\t\t<div class=\"elementor-widget-wrap elementor-element-populated\">\n\t\t\t\t\t\t<div class=\"elementor-element elementor-element-9437962 elementor-widget elementor-widget-text-editor\" data-id=\"9437962\" data-element_type=\"widget\" data-e-type=\"widget\" data-widget_type=\"text-editor.default\">\n\t\t\t\t<div class=\"elementor-widget-container\">\n\t\t\t\t\t\t\t\t\t<p><span style=\"font-weight: 400;\">This page, called Privacy Policy, is intended to establish<\/span><\/p><p><span style=\"font-weight: 400;\">the rules on the use, storage and processing of data and information collected from users on the website, in accordance with the<\/span><\/p><p><span style=\"font-weight: 400;\">LAW n\u00ba 13,709\/18.<\/span><\/p><ul><li style=\"font-weight: 400;\" aria-level=\"1\"><span style=\"font-weight: 400;\">Definitions: For the purposes of this Privacy Policy, the following apply:<\/span><\/li><li style=\"font-weight: 400;\" aria-level=\"1\" class=\"translation-block\"><span style=\"font-weight: 400\">following definitions: designates the Site <\/span><a href=\"https:\/\/jumpverso.com.br.br\/\" target=\"_self\"><span style=\"font-weight: 400\">www.jumpverso.com.br<\/span><\/a><span style=\"font-weight: 400\">, legal entity governed by private law and registered with the CNPJ<\/span><\/li><li style=\"font-weight: 400;\" aria-level=\"1\"><span style=\"font-weight: 400;\">sob o n\u00ba 19.260.147\/0001-49.<\/span><span style=\"font-weight: 400;\"><br \/><br \/><\/span><\/li><\/ul><p><span style=\"font-weight: 400;\">Cookies: Files sent by the website server to the User's computer, with the purpose of identifying the<\/span><\/p><p><span style=\"font-weight: 400;\">computer and obtain access data, such as pages browsed or links clicked, thus allowing you to personalize the<\/span><\/p><p><span style=\"font-weight: 400;\">use of the website, according to your profile; improving user navigation and allowing them to easily access<\/span><\/p><p><span style=\"font-weight: 400;\">to content that is of interest to you;<\/span><\/p><p><span style=\"font-weight: 400;\">IP: Abbreviation for Internet Protocol. It is a set of numbers that identifies the User's computer on the Internet;<\/span><\/p><p><span style=\"font-weight: 400;\">Logs: Records of User activities carried out on the website;<\/span><\/p><p><span style=\"font-weight: 400;\">Session ID: Identification of the User's session during the registration process or when using the website in any way.<\/span><\/p><p><span style=\"font-weight: 400;\">User: Anyone who starts using the website.<\/span><\/p><p><span style=\"font-weight: 400;\">Internet: Worldwide computer network, access to which must be made available by the User's own resources, considering that the<\/span><\/p><p><span style=\"font-weight: 400;\">JUMP SERVICO DE MARKETING E TECNOLOGIA LTDA does not offer access to the network and will not be responsible if damage occurs.<\/span><\/p><ul><li style=\"font-weight: 400;\" aria-level=\"1\"><span style=\"font-weight: 400;\">Obtaining data and information: data and information will be obtained when the User:<\/span><\/li><\/ul><ul><li><span style=\"font-weight: 400;\"> Start using the website;<\/span><\/li><li><span style=\"font-weight: 400;\"> Interact with the various tools on the website, providing information voluntarily;<\/span><\/li><li><span style=\"font-weight: 400;\"> Get in touch through the communication channels available on the website.<\/span><\/li><\/ul><ul><li style=\"font-weight: 400;\" aria-level=\"1\"><span style=\"font-weight: 400;\">Storage of Data and Information: All data and information collected from Users will be incorporated into the<\/span><\/li><li style=\"font-weight: 400;\" aria-level=\"1\"><span style=\"font-weight: 400;\">Website database. The data and information collected through the registration form, newsletter, banners, will be<\/span><\/li><li style=\"font-weight: 400;\" aria-level=\"1\"><span style=\"font-weight: 400;\">stored in a safe environment, observing the available state of the art, and can only be accessed by people<\/span><\/li><li style=\"font-weight: 400;\" aria-level=\"1\"><span style=\"font-weight: 400;\">qualified and authorized for such use. The site invests in data protection technology to reduce the rates of<\/span><\/li><li style=\"font-weight: 400;\" aria-level=\"1\"><span style=\"font-weight: 400;\">fraud and information theft. Furthermore, the Site states that it will not share, sell or present the data of<\/span><\/li><li style=\"font-weight: 400;\" aria-level=\"1\"><span style=\"font-weight: 400;\">Users to third parties other than your partners. Considering that no security system is absolutely<\/span><\/li><li style=\"font-weight: 400;\" aria-level=\"1\"><span style=\"font-weight: 400;\">insurance, the Site is exempt from any liability for any damages and\/or losses resulting from failures,<\/span><\/li><li style=\"font-weight: 400;\" aria-level=\"1\"><span style=\"font-weight: 400;\">viruses or invasions of the website's database, except in cases of intent or guilt. The User is the owner<\/span><\/li><li style=\"font-weight: 400;\" aria-level=\"1\"><span style=\"font-weight: 400;\">of your data and is able to add, delete or modify any information linked to your profile<\/span><\/li><li style=\"font-weight: 400;\" aria-level=\"1\"><span style=\"font-weight: 400;\">username on the Site, and therefore the User declares to be aware of and agrees with the collection, storage, processing,<\/span><\/li><li style=\"font-weight: 400;\" aria-level=\"1\"><span style=\"font-weight: 400;\">processing and use of Information sent and\/or transmitted by the User under the terms established in these Terms of Use<\/span><\/li><li style=\"font-weight: 400;\" aria-level=\"1\"><span style=\"font-weight: 400;\">Use and Privacy Policy.<\/span><\/li><li style=\"font-weight: 400;\" aria-level=\"1\"><span style=\"font-weight: 400;\">Use of Data and Information: The data and information collected from Users may be used for the following purposes:<\/span><\/li><\/ul><ul><li><span style=\"font-weight: 400;\"> Carry out any communication and procedures resulting from activities on the Website itself or the identification of the respective recipient;<\/span><\/li><li><span style=\"font-weight: 400;\"> Respond to any queries and requests from the User;<\/span><\/li><li><span style=\"font-weight: 400;\"> Compliance with legal or judicial order;<\/span><\/li><li><span style=\"font-weight: 400;\"> Establish, defend or regularly exercise rights in a judicial or administrative context;<\/span><\/li><li><span style=\"font-weight: 400;\"> Prepare general statistics to identify User profiles and develop Website campaigns;<\/span><\/li><li><span style=\"font-weight: 400;\"> Ensure the safety of Users;<\/span><\/li><li><span style=\"font-weight: 400;\"> Keep User records updated for the purposes of authorized contact to be made by telephone, email, SMS, direct mail or other means of communication available on the market;<\/span><\/li><li><span style=\"font-weight: 400;\"> Inform you about news, promotions and events on the Site and its commercial partners.<\/span><\/li><\/ul><ul><li style=\"font-weight: 400;\" aria-level=\"1\"><span style=\"font-weight: 400;\">Activity Record: The Site may record activities carried out by the User, through logs, including:<\/span><\/li><\/ul><ul><li><span style=\"font-weight: 400;\"> User IP address;<\/span><\/li><li><span style=\"font-weight: 400;\"> Actions carried out by the User on the website;Actions carried out by the User on the website;<\/span><\/li><li><span style=\"font-weight: 400;\"> Pages accessed by the User;<\/span><\/li><li><span style=\"font-weight: 400;\"> Dates and times of each action and access to each functionality of the website;<\/span><\/li><li><span style=\"font-weight: 400;\"> User Session ID, when applicable. The aforementioned records may be used by the Site in cases of investigation<\/span><\/li><\/ul><p><span style=\"font-weight: 400;\">of fraud or undue changes to their systems and records.<\/span><\/p><ul><li style=\"font-weight: 400;\" aria-level=\"1\"><span style=\"font-weight: 400;\">Cookies: The website may use cookies, and it is up to the User to configure their Internet browser,<\/span><\/li><li style=\"font-weight: 400;\" aria-level=\"1\"><span style=\"font-weight: 400;\">if you want to block them. In this case, some website functionalities may be limited.<\/span><\/li><li style=\"font-weight: 400;\" aria-level=\"1\"><span style=\"font-weight: 400;\">Recommendations: Using a cookie that identifies the User's navigation, the website makes product recommendations. This recommendation varies depending on the User and their behavior within the website, being evaluated, for example, whether there was only browsing or also purchasing, which items were seen, searched or purchased by them and other Users in similar browsing situations. Considering that this recommendation is generated from algorithms, its precision may not be exact, but it aims to suggest products that are of interest to the User, without the User having any obligation to purchase them.<\/span><\/li><li style=\"font-weight: 400;\" aria-level=\"1\"><span style=\"font-weight: 400;\">General Provisions: The provisions contained in this Privacy Policy may be updated or modified at any time, and the User is responsible for checking them whenever they access the website. The User must contact us if they have any questions regarding the provisions contained in this Privacy and Use Policy, choosing one of these contact methods: telephone, e-mail or contact form on the website.<\/span><\/li><li style=\"font-weight: 400;\" aria-level=\"1\"><span style=\"font-weight: 400;\">Applicable Law and Jurisdiction: This Privacy Policy will be interpreted in accordance with Brazilian legislation, in the Portuguese language, with the District Court being elected to resolve any dispute, issue or doubt arising, with the express waiver of any other, however privileged it may be. .<\/span><\/li><li style=\"font-weight: 400;\" aria-level=\"1\"><span style=\"font-weight: 400;\">Contact: to participate and enjoy the website, in addition to being at least 18 (eighteen) years old, the Customer must<\/span><\/li><li style=\"font-weight: 400;\" aria-level=\"1\"><span style=\"font-weight: 400;\">fornecer na ocasi\u00e3o do contato as seguintes informa\u00e7\u00f5es para identifica\u00e7\u00e3o: nome, telefone e ou e-mail.<\/span><\/li><\/ul><p><span style=\"font-weight: 400;\">In these terms, the User declares to be aware of and agree with the collection, storage, treatment, processing and use of the Information sent or provided by the User, under the terms established in this Privacy Policy.<\/span><\/p>\t\t\t\t\t\t\t\t<\/div>\n\t\t\t\t<\/div>\n\t\t\t\t\t<\/div>\n\t\t<\/div>\n\t\t\t\t\t<\/div>\n\t\t<\/section>\n\t\t\t\t<\/div>","protected":false},"excerpt":{"rendered":"<p>POL\u00cdTICA DE PRIVACIDADE Esta p\u00e1gina, denominado Pol\u00edtica de Privacidade, possui finalidade de estabelecer as regras sobre o uso, armazenamento e tratamento dos dados e informa\u00e7\u00f5es coletadas dos usu\u00e1rios no site, de acordo com a LEI n\u00ba 13.709\/18. Defini\u00e7\u00f5es: Para fins desta Pol\u00edtica de Privacidade, aplicam-se as seguintes defini\u00e7\u00f5es: designa o Site www.jumpverso.com.br, pessoa jur\u00eddica de [&hellip;]<\/p>","protected":false},"author":2,"featured_media":0,"parent":0,"menu_order":0,"comment_status":"closed","ping_status":"closed","template":"elementor_header_footer","meta":{"footnotes":""},"class_list":["post-1723","page","type-page","status-publish","hentry"],"yoast_head":"<!-- This site is optimized with the Yoast SEO plugin v24.8.1 - https:\/\/yoast.com\/wordpress\/plugins\/seo\/ -->\n<title>Politica Privacidade - JumpVerso<\/title>\n<meta name=\"robots\" content=\"index, follow, max-snippet:-1, max-image-preview:large, max-video-preview:-1\" \/>\n<link rel=\"canonical\" href=\"https:\/\/jumpverso.com.br\/en\/politica\/\" \/>\n<meta name=\"twitter:card\" content=\"summary_large_image\" \/>\n<meta name=\"twitter:title\" content=\"Politica Privacidade - JumpVerso\" \/>\n<meta name=\"twitter:description\" content=\"POL\u00cdTICA DE PRIVACIDADE Esta p\u00e1gina, denominado Pol\u00edtica de Privacidade, possui finalidade de estabelecer as regras sobre o uso, armazenamento e tratamento dos dados e informa\u00e7\u00f5es coletadas dos usu\u00e1rios no site, de acordo com a LEI n\u00ba 13.709\/18. Defini\u00e7\u00f5es: Para fins desta Pol\u00edtica de Privacidade, aplicam-se as seguintes defini\u00e7\u00f5es: designa o Site www.jumpverso.com.br, pessoa jur\u00eddica de [&hellip;]\" \/>\n<meta name=\"twitter:label1\" content=\"Est. reading time\" \/>\n\t<meta name=\"twitter:data1\" content=\"5 minutes\" \/>\n<script type=\"application\/ld+json\" class=\"yoast-schema-graph\">{\"@context\":\"https:\/\/schema.org\",\"@graph\":[{\"@type\":\"WebPage\",\"@id\":\"https:\/\/jumpverso.com.br\/politica\/\",\"url\":\"https:\/\/jumpverso.com.br\/politica\/\",\"name\":\"Politica Privacidade - JumpVerso\",\"isPartOf\":{\"@id\":\"https:\/\/jumpverso.com.br\/#website\"},\"datePublished\":\"2023-12-05T19:51:15+00:00\",\"dateModified\":\"2023-12-05T20:46:53+00:00\",\"breadcrumb\":{\"@id\":\"https:\/\/jumpverso.com.br\/politica\/#breadcrumb\"},\"inLanguage\":\"en-US\",\"potentialAction\":[{\"@type\":\"ReadAction\",\"target\":[\"https:\/\/jumpverso.com.br\/politica\/\"]}]},{\"@type\":\"BreadcrumbList\",\"@id\":\"https:\/\/jumpverso.com.br\/politica\/#breadcrumb\",\"itemListElement\":[{\"@type\":\"ListItem\",\"position\":1,\"name\":\"In\u00edcio\",\"item\":\"https:\/\/jumpverso.com.br\/\"},{\"@type\":\"ListItem\",\"position\":2,\"name\":\"Politica Privacidade\"}]},{\"@type\":\"WebSite\",\"@id\":\"https:\/\/jumpverso.com.br\/#website\",\"url\":\"https:\/\/jumpverso.com.br\/\",\"name\":\"JumpVerso\",\"description\":\"\",\"publisher\":{\"@id\":\"https:\/\/jumpverso.com.br\/#organization\"},\"potentialAction\":[{\"@type\":\"SearchAction\",\"target\":{\"@type\":\"EntryPoint\",\"urlTemplate\":\"https:\/\/jumpverso.com.br\/?s={search_term_string}\"},\"query-input\":{\"@type\":\"PropertyValueSpecification\",\"valueRequired\":true,\"valueName\":\"search_term_string\"}}],\"inLanguage\":\"en-US\"},{\"@type\":\"Organization\",\"@id\":\"https:\/\/jumpverso.com.br\/#organization\",\"name\":\"JumpVerso\",\"url\":\"https:\/\/jumpverso.com.br\/\",\"logo\":{\"@type\":\"ImageObject\",\"inLanguage\":\"en-US\",\"@id\":\"https:\/\/jumpverso.com.br\/#\/schema\/logo\/image\/\",\"url\":\"https:\/\/jumpverso.com.br\/wp-content\/uploads\/2021\/03\/jump_branco.png\",\"contentUrl\":\"https:\/\/jumpverso.com.br\/wp-content\/uploads\/2021\/03\/jump_branco.png\",\"width\":158,\"height\":37,\"caption\":\"JumpVerso\"},\"image\":{\"@id\":\"https:\/\/jumpverso.com.br\/#\/schema\/logo\/image\/\"},\"sameAs\":[\"https:\/\/www.facebook.com\/papytoys.com.br\",\"https:\/\/www.instagram.com\/papytoys\/\",\"https:\/\/www.youtube.com\/c\/UniversodeAlegria\"]}]}<\/script>\n<!-- \/ Yoast SEO plugin. -->","yoast_head_json":{"title":"Politica Privacidade - JumpVerso","robots":{"index":"index","follow":"follow","max-snippet":"max-snippet:-1","max-image-preview":"max-image-preview:large","max-video-preview":"max-video-preview:-1"},"canonical":"https:\/\/jumpverso.com.br\/en\/politica\/","twitter_card":"summary_large_image","twitter_title":"Politica Privacidade - JumpVerso","twitter_description":"POL\u00cdTICA DE PRIVACIDADE Esta p\u00e1gina, denominado Pol\u00edtica de Privacidade, possui finalidade de estabelecer as regras sobre o uso, armazenamento e tratamento dos dados e informa\u00e7\u00f5es coletadas dos usu\u00e1rios no site, de acordo com a LEI n\u00ba 13.709\/18. Defini\u00e7\u00f5es: Para fins desta Pol\u00edtica de Privacidade, aplicam-se as seguintes defini\u00e7\u00f5es: designa o Site www.jumpverso.com.br, pessoa jur\u00eddica de [&hellip;]","twitter_misc":{"Est. reading time":"5 minutes"},"schema":{"@context":"https:\/\/schema.org","@graph":[{"@type":"WebPage","@id":"https:\/\/jumpverso.com.br\/politica\/","url":"https:\/\/jumpverso.com.br\/politica\/","name":"Politica Privacidade - JumpVerso","isPartOf":{"@id":"https:\/\/jumpverso.com.br\/#website"},"datePublished":"2023-12-05T19:51:15+00:00","dateModified":"2023-12-05T20:46:53+00:00","breadcrumb":{"@id":"https:\/\/jumpverso.com.br\/politica\/#breadcrumb"},"inLanguage":"en-US","potentialAction":[{"@type":"ReadAction","target":["https:\/\/jumpverso.com.br\/politica\/"]}]},{"@type":"BreadcrumbList","@id":"https:\/\/jumpverso.com.br\/politica\/#breadcrumb","itemListElement":[{"@type":"ListItem","position":1,"name":"In\u00edcio","item":"https:\/\/jumpverso.com.br\/"},{"@type":"ListItem","position":2,"name":"Politica Privacidade"}]},{"@type":"WebSite","@id":"https:\/\/jumpverso.com.br\/#website","url":"https:\/\/jumpverso.com.br\/","name":"JumpVerso","description":"","publisher":{"@id":"https:\/\/jumpverso.com.br\/#organization"},"potentialAction":[{"@type":"SearchAction","target":{"@type":"EntryPoint","urlTemplate":"https:\/\/jumpverso.com.br\/?s={search_term_string}"},"query-input":{"@type":"PropertyValueSpecification","valueRequired":true,"valueName":"search_term_string"}}],"inLanguage":"en-US"},{"@type":"Organization","@id":"https:\/\/jumpverso.com.br\/#organization","name":"JumpVerso","url":"https:\/\/jumpverso.com.br\/","logo":{"@type":"ImageObject","inLanguage":"en-US","@id":"https:\/\/jumpverso.com.br\/#\/schema\/logo\/image\/","url":"https:\/\/jumpverso.com.br\/wp-content\/uploads\/2021\/03\/jump_branco.png","contentUrl":"https:\/\/jumpverso.com.br\/wp-content\/uploads\/2021\/03\/jump_branco.png","width":158,"height":37,"caption":"JumpVerso"},"image":{"@id":"https:\/\/jumpverso.com.br\/#\/schema\/logo\/image\/"},"sameAs":["https:\/\/www.facebook.com\/papytoys.com.br","https:\/\/www.instagram.com\/papytoys\/","https:\/\/www.youtube.com\/c\/UniversodeAlegria"]}]}},"_links":{"self":[{"href":"https:\/\/jumpverso.com.br\/en\/wp-json\/wp\/v2\/pages\/1723","targetHints":{"allow":["GET"]}}],"collection":[{"href":"https:\/\/jumpverso.com.br\/en\/wp-json\/wp\/v2\/pages"}],"about":[{"href":"https:\/\/jumpverso.com.br\/en\/wp-json\/wp\/v2\/types\/page"}],"author":[{"embeddable":true,"href":"https:\/\/jumpverso.com.br\/en\/wp-json\/wp\/v2\/users\/2"}],"replies":[{"embeddable":true,"href":"https:\/\/jumpverso.com.br\/en\/wp-json\/wp\/v2\/comments?post=1723"}],"version-history":[{"count":13,"href":"https:\/\/jumpverso.com.br\/en\/wp-json\/wp\/v2\/pages\/1723\/revisions"}],"predecessor-version":[{"id":1749,"href":"https:\/\/jumpverso.com.br\/en\/wp-json\/wp\/v2\/pages\/1723\/revisions\/1749"}],"wp:attachment":[{"href":"https:\/\/jumpverso.com.br\/en\/wp-json\/wp\/v2\/media?parent=1723"}],"curies":[{"name":"wp","href":"https:\/\/api.w.org\/{rel}","templated":true}]}}